{"id":734,"date":"2025-09-29T05:12:52","date_gmt":"2025-09-29T05:12:52","guid":{"rendered":"https:\/\/dev.jtcrop.be\/product\/azarius\/"},"modified":"2025-09-29T06:34:44","modified_gmt":"2025-09-29T06:34:44","slug":"azarius","status":"publish","type":"product","link":"https:\/\/jtcrop.be\/fr\/product\/azarius\/","title":{"rendered":"Azarius"},"content":{"rendered":"\n<p><em>AZARIUS est un fongicide pour le traitement des<\/em> <em>pois secs r\u00e9colt\u00e9s, des f\u00e9veroles, du bl\u00e9 d&rsquo;hiver, du bl\u00e9 de<\/em> <em>printemps, de l&rsquo;orge d&rsquo;hiver, de l&rsquo;orge de printemps, du seigle d&rsquo;hiver,<\/em> <em>du seigle de printemps, du triticale d&rsquo;hiver, du triticale d&rsquo;\u00e9t\u00e9, des pommes de terre,<\/em> <em>de la culture de pommes de terre de semence, du brocoli, du chou fris\u00e9 et du poireau.<\/em><\/p>\n\n<p><\/p>\n","protected":false},"excerpt":{"rendered":"<p>AZARIUS est un fongicide pour le traitement des pois secs r\u00e9colt\u00e9s, des f\u00e9veroles, du bl\u00e9 d&rsquo;hiver, du bl\u00e9 de printemps, de l&rsquo;orge d&rsquo;hiver, de l&rsquo;orge de printemps, du seigle d&rsquo;hiver, du seigle de printemps, du triticale d&rsquo;hiver, du triticale d&rsquo;\u00e9t\u00e9,&#8230;<\/p>\n","protected":false},"featured_media":735,"menu_order":0,"comment_status":"open","ping_status":"closed","template":"","meta":[],"product_category":[38],"formulation_type":[40],"crops":[],"active_ingredients":[58],"targets":[],"class_list":["post-734","product","type-product","status-publish","has-post-thumbnail","hentry","product_category-fongicide","formulation_type-sc","active_ingredients-azoxystrobine"],"_links":{"self":[{"href":"https:\/\/jtcrop.be\/fr\/wp-json\/wp\/v2\/product\/734","targetHints":{"allow":["GET"]}}],"collection":[{"href":"https:\/\/jtcrop.be\/fr\/wp-json\/wp\/v2\/product"}],"about":[{"href":"https:\/\/jtcrop.be\/fr\/wp-json\/wp\/v2\/types\/product"}],"replies":[{"embeddable":true,"href":"https:\/\/jtcrop.be\/fr\/wp-json\/wp\/v2\/comments?post=734"}],"wp:featuredmedia":[{"embeddable":true,"href":"https:\/\/jtcrop.be\/fr\/wp-json\/wp\/v2\/media\/735"}],"wp:attachment":[{"href":"https:\/\/jtcrop.be\/fr\/wp-json\/wp\/v2\/media?parent=734"}],"wp:term":[{"taxonomy":"product_category","embeddable":true,"href":"https:\/\/jtcrop.be\/fr\/wp-json\/wp\/v2\/product_category?post=734"},{"taxonomy":"formulation_type","embeddable":true,"href":"https:\/\/jtcrop.be\/fr\/wp-json\/wp\/v2\/formulation_type?post=734"},{"taxonomy":"crops","embeddable":true,"href":"https:\/\/jtcrop.be\/fr\/wp-json\/wp\/v2\/crops?post=734"},{"taxonomy":"active_ingredients","embeddable":true,"href":"https:\/\/jtcrop.be\/fr\/wp-json\/wp\/v2\/active_ingredients?post=734"},{"taxonomy":"targets","embeddable":true,"href":"https:\/\/jtcrop.be\/fr\/wp-json\/wp\/v2\/targets?post=734"}],"curies":[{"name":"wp","href":"https:\/\/api.w.org\/{rel}","templated":true}]}}