{"id":720,"date":"2025-09-29T05:50:23","date_gmt":"2025-09-29T05:50:23","guid":{"rendered":"https:\/\/dev.jtcrop.be\/product\/velmeri-500-wg\/"},"modified":"2025-09-29T06:34:30","modified_gmt":"2025-09-29T06:34:30","slug":"velmeri-500-wg","status":"publish","type":"product","link":"https:\/\/jtcrop.be\/fr\/product\/velmeri-500-wg\/","title":{"rendered":"Velmeri 500 WG"},"content":{"rendered":"\n<p><em>ALAKAZAM 500 WG est un insecticide pour le<\/em> <em>traitement des pommiers, poiriers, cerisiers et<\/em> <em>griottiers, p\u00eachers et nectariniers, choux de Bruxelles,<\/em> <em>choux pomm\u00e9s, bl\u00e9 d&rsquo;hiver, seigle d&rsquo;\u00e9t\u00e9,<\/em> <em>pommes de terre, culture de plants de pommes de terre, tabac,<\/em> <em>abricotiers, houblon et plantes ornementales.<\/em><\/p>\n","protected":false},"excerpt":{"rendered":"<p>ALAKAZAM 500 WG est un insecticide pour le traitement des pommiers, poiriers, cerisiers et griottiers, p\u00eachers et nectariniers, choux de Bruxelles, choux pomm\u00e9s, bl\u00e9 d&rsquo;hiver, seigle d&rsquo;\u00e9t\u00e9, pommes de terre, culture de plants de pommes de terre, tabac, abricotiers, houblon&#8230;<\/p>\n","protected":false},"featured_media":721,"menu_order":0,"comment_status":"open","ping_status":"closed","template":"","meta":[],"product_category":[49],"formulation_type":[48],"crops":[],"active_ingredients":[47],"targets":[],"class_list":["post-720","product","type-product","status-publish","has-post-thumbnail","hentry","product_category-insecticide","formulation_type-wg","active_ingredients-flonicamide"],"_links":{"self":[{"href":"https:\/\/jtcrop.be\/fr\/wp-json\/wp\/v2\/product\/720","targetHints":{"allow":["GET"]}}],"collection":[{"href":"https:\/\/jtcrop.be\/fr\/wp-json\/wp\/v2\/product"}],"about":[{"href":"https:\/\/jtcrop.be\/fr\/wp-json\/wp\/v2\/types\/product"}],"replies":[{"embeddable":true,"href":"https:\/\/jtcrop.be\/fr\/wp-json\/wp\/v2\/comments?post=720"}],"wp:featuredmedia":[{"embeddable":true,"href":"https:\/\/jtcrop.be\/fr\/wp-json\/wp\/v2\/media\/721"}],"wp:attachment":[{"href":"https:\/\/jtcrop.be\/fr\/wp-json\/wp\/v2\/media?parent=720"}],"wp:term":[{"taxonomy":"product_category","embeddable":true,"href":"https:\/\/jtcrop.be\/fr\/wp-json\/wp\/v2\/product_category?post=720"},{"taxonomy":"formulation_type","embeddable":true,"href":"https:\/\/jtcrop.be\/fr\/wp-json\/wp\/v2\/formulation_type?post=720"},{"taxonomy":"crops","embeddable":true,"href":"https:\/\/jtcrop.be\/fr\/wp-json\/wp\/v2\/crops?post=720"},{"taxonomy":"active_ingredients","embeddable":true,"href":"https:\/\/jtcrop.be\/fr\/wp-json\/wp\/v2\/active_ingredients?post=720"},{"taxonomy":"targets","embeddable":true,"href":"https:\/\/jtcrop.be\/fr\/wp-json\/wp\/v2\/targets?post=720"}],"curies":[{"name":"wp","href":"https:\/\/api.w.org\/{rel}","templated":true}]}}