{"id":714,"date":"2025-09-29T05:48:49","date_gmt":"2025-09-29T05:48:49","guid":{"rendered":"https:\/\/dev.jtcrop.be\/product\/alakazam-500-wg\/"},"modified":"2025-09-29T06:34:18","modified_gmt":"2025-09-29T06:34:18","slug":"alakazam-500-wg","status":"publish","type":"product","link":"https:\/\/jtcrop.be\/fr\/product\/alakazam-500-wg\/","title":{"rendered":"Alakazam 500 WG"},"content":{"rendered":"\n<p><em>ALAKAZAM 500 WG est un insecticide destin\u00e9 au<\/em> <em>traitement des pommiers, des poiriers, des cerisiers et des cerisiers acides,<\/em> <em>des p\u00eachers et des nectariniers, des choux de Bruxelles,<\/em> <em>des choux cabus, du bl\u00e9 d\u2019hiver, du seigle d\u2019\u00e9t\u00e9,<\/em> <em>des pommes de terre, de la culture de plants de pommes de terre, du tabac,<\/em> <em>des abricotiers, du houblon et des plantes ornementales.<\/em><\/p>\n\n<p><\/p>\n","protected":false},"excerpt":{"rendered":"<p>ALAKAZAM 500 WG est un insecticide destin\u00e9 au traitement des pommiers, des poiriers, des cerisiers et des cerisiers acides, des p\u00eachers et des nectariniers, des choux de Bruxelles, des choux cabus, du bl\u00e9 d\u2019hiver, du seigle d\u2019\u00e9t\u00e9, des pommes de&#8230;<\/p>\n","protected":false},"featured_media":715,"menu_order":0,"comment_status":"open","ping_status":"closed","template":"","meta":[],"product_category":[49],"formulation_type":[48],"crops":[],"active_ingredients":[47],"targets":[],"class_list":["post-714","product","type-product","status-publish","has-post-thumbnail","hentry","product_category-insecticide","formulation_type-wg","active_ingredients-flonicamide"],"_links":{"self":[{"href":"https:\/\/jtcrop.be\/fr\/wp-json\/wp\/v2\/product\/714","targetHints":{"allow":["GET"]}}],"collection":[{"href":"https:\/\/jtcrop.be\/fr\/wp-json\/wp\/v2\/product"}],"about":[{"href":"https:\/\/jtcrop.be\/fr\/wp-json\/wp\/v2\/types\/product"}],"replies":[{"embeddable":true,"href":"https:\/\/jtcrop.be\/fr\/wp-json\/wp\/v2\/comments?post=714"}],"wp:featuredmedia":[{"embeddable":true,"href":"https:\/\/jtcrop.be\/fr\/wp-json\/wp\/v2\/media\/715"}],"wp:attachment":[{"href":"https:\/\/jtcrop.be\/fr\/wp-json\/wp\/v2\/media?parent=714"}],"wp:term":[{"taxonomy":"product_category","embeddable":true,"href":"https:\/\/jtcrop.be\/fr\/wp-json\/wp\/v2\/product_category?post=714"},{"taxonomy":"formulation_type","embeddable":true,"href":"https:\/\/jtcrop.be\/fr\/wp-json\/wp\/v2\/formulation_type?post=714"},{"taxonomy":"crops","embeddable":true,"href":"https:\/\/jtcrop.be\/fr\/wp-json\/wp\/v2\/crops?post=714"},{"taxonomy":"active_ingredients","embeddable":true,"href":"https:\/\/jtcrop.be\/fr\/wp-json\/wp\/v2\/active_ingredients?post=714"},{"taxonomy":"targets","embeddable":true,"href":"https:\/\/jtcrop.be\/fr\/wp-json\/wp\/v2\/targets?post=714"}],"curies":[{"name":"wp","href":"https:\/\/api.w.org\/{rel}","templated":true}]}}