{"id":712,"date":"2025-09-29T05:56:59","date_gmt":"2025-09-29T05:56:59","guid":{"rendered":"https:\/\/dev.jtcrop.be\/product\/kalamos\/"},"modified":"2025-09-29T06:34:16","modified_gmt":"2025-09-29T06:34:16","slug":"kalamos","status":"publish","type":"product","link":"https:\/\/jtcrop.be\/fr\/product\/kalamos\/","title":{"rendered":"Kalamos"},"content":{"rendered":"\n<p><em>KALAMOS est un herbicide pour le traitement des<\/em> <em>fraises, carottes, panais, navets, rutabagas,<\/em> <em>ail, oignons, \u00e9chalotes, brocolis, choux<\/em> <em>pomm\u00e9s, pois, pois de plein champ, pommes de terre,<\/em> <em>cultures de pommes de terre de semence, lin textile de printemps, lin, colza<\/em> <em>d&rsquo;hiver et de navette, colza de printemps et de navette, betteraves<\/em> <em>sucri\u00e8res, betteraves fourrag\u00e8res, laitues, persil \u00e0 grosse racine et cerfeuil tub\u00e9reux.<\/em><\/p>\n","protected":false},"excerpt":{"rendered":"<p>KALAMOS est un herbicide pour le traitement des fraises, carottes, panais, navets, rutabagas, ail, oignons, \u00e9chalotes, brocolis, choux pomm\u00e9s, pois, pois de plein champ, pommes de terre, cultures de pommes de terre de semence, lin textile de printemps, lin, colza&#8230;<\/p>\n","protected":false},"featured_media":713,"menu_order":0,"comment_status":"open","ping_status":"closed","template":"","meta":[],"product_category":[46],"formulation_type":[37],"crops":[],"active_ingredients":[45],"targets":[],"class_list":["post-712","product","type-product","status-publish","has-post-thumbnail","hentry","product_category-herbicide","formulation_type-ce","active_ingredients-propaquizafop"],"_links":{"self":[{"href":"https:\/\/jtcrop.be\/fr\/wp-json\/wp\/v2\/product\/712","targetHints":{"allow":["GET"]}}],"collection":[{"href":"https:\/\/jtcrop.be\/fr\/wp-json\/wp\/v2\/product"}],"about":[{"href":"https:\/\/jtcrop.be\/fr\/wp-json\/wp\/v2\/types\/product"}],"replies":[{"embeddable":true,"href":"https:\/\/jtcrop.be\/fr\/wp-json\/wp\/v2\/comments?post=712"}],"wp:featuredmedia":[{"embeddable":true,"href":"https:\/\/jtcrop.be\/fr\/wp-json\/wp\/v2\/media\/713"}],"wp:attachment":[{"href":"https:\/\/jtcrop.be\/fr\/wp-json\/wp\/v2\/media?parent=712"}],"wp:term":[{"taxonomy":"product_category","embeddable":true,"href":"https:\/\/jtcrop.be\/fr\/wp-json\/wp\/v2\/product_category?post=712"},{"taxonomy":"formulation_type","embeddable":true,"href":"https:\/\/jtcrop.be\/fr\/wp-json\/wp\/v2\/formulation_type?post=712"},{"taxonomy":"crops","embeddable":true,"href":"https:\/\/jtcrop.be\/fr\/wp-json\/wp\/v2\/crops?post=712"},{"taxonomy":"active_ingredients","embeddable":true,"href":"https:\/\/jtcrop.be\/fr\/wp-json\/wp\/v2\/active_ingredients?post=712"},{"taxonomy":"targets","embeddable":true,"href":"https:\/\/jtcrop.be\/fr\/wp-json\/wp\/v2\/targets?post=712"}],"curies":[{"name":"wp","href":"https:\/\/api.w.org\/{rel}","templated":true}]}}