{"id":706,"date":"2025-09-29T05:53:45","date_gmt":"2025-09-29T05:53:45","guid":{"rendered":"https:\/\/dev.jtcrop.be\/product\/kelsos\/"},"modified":"2025-09-29T06:34:08","modified_gmt":"2025-09-29T06:34:08","slug":"kelsos","status":"publish","type":"product","link":"https:\/\/jtcrop.be\/fr\/product\/kelsos\/","title":{"rendered":"Kelsos"},"content":{"rendered":"\n<p><em>KELSOS est un fongicide pour le traitement des<\/em> <em>oignons (r\u00e9colt\u00e9s secs), \u00e9chalotes (types<\/em> <em>Aggregatum), pommes de terre, culture de pommes de terre de semence.<\/em><\/p>\n","protected":false},"excerpt":{"rendered":"<p>KELSOS est un fongicide pour le traitement des oignons (r\u00e9colt\u00e9s secs), \u00e9chalotes (types Aggregatum), pommes de terre, culture de pommes de terre de semence.<\/p>\n","protected":false},"featured_media":707,"menu_order":0,"comment_status":"open","ping_status":"closed","template":"","meta":[],"product_category":[38],"formulation_type":[40],"crops":[],"active_ingredients":[39],"targets":[],"class_list":["post-706","product","type-product","status-publish","has-post-thumbnail","hentry","product_category-fongicide","formulation_type-sc","active_ingredients-fluazinam"],"_links":{"self":[{"href":"https:\/\/jtcrop.be\/fr\/wp-json\/wp\/v2\/product\/706","targetHints":{"allow":["GET"]}}],"collection":[{"href":"https:\/\/jtcrop.be\/fr\/wp-json\/wp\/v2\/product"}],"about":[{"href":"https:\/\/jtcrop.be\/fr\/wp-json\/wp\/v2\/types\/product"}],"replies":[{"embeddable":true,"href":"https:\/\/jtcrop.be\/fr\/wp-json\/wp\/v2\/comments?post=706"}],"wp:featuredmedia":[{"embeddable":true,"href":"https:\/\/jtcrop.be\/fr\/wp-json\/wp\/v2\/media\/707"}],"wp:attachment":[{"href":"https:\/\/jtcrop.be\/fr\/wp-json\/wp\/v2\/media?parent=706"}],"wp:term":[{"taxonomy":"product_category","embeddable":true,"href":"https:\/\/jtcrop.be\/fr\/wp-json\/wp\/v2\/product_category?post=706"},{"taxonomy":"formulation_type","embeddable":true,"href":"https:\/\/jtcrop.be\/fr\/wp-json\/wp\/v2\/formulation_type?post=706"},{"taxonomy":"crops","embeddable":true,"href":"https:\/\/jtcrop.be\/fr\/wp-json\/wp\/v2\/crops?post=706"},{"taxonomy":"active_ingredients","embeddable":true,"href":"https:\/\/jtcrop.be\/fr\/wp-json\/wp\/v2\/active_ingredients?post=706"},{"taxonomy":"targets","embeddable":true,"href":"https:\/\/jtcrop.be\/fr\/wp-json\/wp\/v2\/targets?post=706"}],"curies":[{"name":"wp","href":"https:\/\/api.w.org\/{rel}","templated":true}]}}